{"id":16,"date":"2016-06-13T19:54:39","date_gmt":"2016-06-13T19:54:39","guid":{"rendered":"http:\/\/www.unterealp-jenzer.de\/?page_id=16"},"modified":"2024-10-19T07:57:30","modified_gmt":"2024-10-19T07:57:30","slug":"news","status":"publish","type":"page","link":"http:\/\/www.unterealp-jenzer.de\/?page_id=16","title":{"rendered":"News"},"content":{"rendered":"\n<p><\/p>\n\n\n\n<h2 class=\"wp-block-heading\">Dezember 2023<\/h2>\n\n\n\n<p>Unsere neue zeitgesteuerte Futterraufe ist in Betrieb. Sie ersetzt die bisherige Heuf\u00fctterung mit Futterh\u00e4uschen und Heusparnetz.<\/p>\n\n\n\n<p>Durch die Zeitsteuerung haben die Pferde nun innerhalb von 24 Stunden f\u00fcnf Mal die Gelegenheit, Heu zu fressen. Die Pferde haben somit maximal vier Stunden Fresspausen.<\/p>\n\n\n\n<figure class=\"wp-block-image size-full\"><img loading=\"lazy\" decoding=\"async\" width=\"1024\" height=\"497\" src=\"http:\/\/www.unterealp-jenzer.de\/wp-content\/uploads\/2023\/12\/20231222_090629.jpg\" alt=\"\" class=\"wp-image-524\" srcset=\"http:\/\/www.unterealp-jenzer.de\/wp-content\/uploads\/2023\/12\/20231222_090629.jpg 1024w, http:\/\/www.unterealp-jenzer.de\/wp-content\/uploads\/2023\/12\/20231222_090629-300x146.jpg 300w, http:\/\/www.unterealp-jenzer.de\/wp-content\/uploads\/2023\/12\/20231222_090629-768x373.jpg 768w, http:\/\/www.unterealp-jenzer.de\/wp-content\/uploads\/2023\/12\/20231222_090629-624x303.jpg 624w\" sizes=\"(max-width: 1024px) 100vw, 1024px\" \/><\/figure>\n\n\n\n<p>Sieben je 2 Meter breite Futterluken stehen den Pferden zur Verf\u00fcgung. Das Heu kann nun auch ohne Heusparnetze gefressen werden.<\/p>\n\n\n\n<figure class=\"wp-block-image size-full\"><img loading=\"lazy\" decoding=\"async\" width=\"1024\" height=\"497\" src=\"http:\/\/www.unterealp-jenzer.de\/wp-content\/uploads\/2023\/12\/20231222_090815.jpg\" alt=\"\" class=\"wp-image-525\" srcset=\"http:\/\/www.unterealp-jenzer.de\/wp-content\/uploads\/2023\/12\/20231222_090815.jpg 1024w, http:\/\/www.unterealp-jenzer.de\/wp-content\/uploads\/2023\/12\/20231222_090815-300x146.jpg 300w, http:\/\/www.unterealp-jenzer.de\/wp-content\/uploads\/2023\/12\/20231222_090815-768x373.jpg 768w, http:\/\/www.unterealp-jenzer.de\/wp-content\/uploads\/2023\/12\/20231222_090815-624x303.jpg 624w\" sizes=\"(max-width: 1024px) 100vw, 1024px\" \/><\/figure>\n\n\n\n<p>Alle Pferde haben die neue F\u00fctterung problemlos angenommen.<\/p>\n\n\n\n<figure class=\"wp-block-image size-full\"><img loading=\"lazy\" decoding=\"async\" width=\"1024\" height=\"497\" src=\"http:\/\/www.unterealp-jenzer.de\/wp-content\/uploads\/2023\/12\/20231222_090652.jpg\" alt=\"\" class=\"wp-image-527\" srcset=\"http:\/\/www.unterealp-jenzer.de\/wp-content\/uploads\/2023\/12\/20231222_090652.jpg 1024w, http:\/\/www.unterealp-jenzer.de\/wp-content\/uploads\/2023\/12\/20231222_090652-300x146.jpg 300w, http:\/\/www.unterealp-jenzer.de\/wp-content\/uploads\/2023\/12\/20231222_090652-768x373.jpg 768w, http:\/\/www.unterealp-jenzer.de\/wp-content\/uploads\/2023\/12\/20231222_090652-624x303.jpg 624w\" sizes=\"(max-width: 1024px) 100vw, 1024px\" \/><\/figure>\n\n\n\n<h2 class=\"wp-block-heading\">2021<\/h2>\n\n\n\n<h2 class=\"wp-block-heading\"><strong>Blesa fr\u00e0 Bergi<\/strong><\/h2>\n\n\n\n<p>Ende April ist unsere tragende 1. Preis Stute Blesa fr\u00e0 Bergi aus Island wohlbehalten bei uns angekommen. Herzlich willkommen. <\/p>\n\n\n\n<p>Mehr Infos \u00fcber Blesa unter &#8222;Zucht&#8220;<\/p>\n\n\n\n<figure class=\"wp-block-image size-large is-resized\"><img loading=\"lazy\" decoding=\"async\" width=\"1024\" height=\"682\" src=\"http:\/\/www.unterealp-jenzer.de\/wp-content\/uploads\/2021\/05\/DSC_4718-2.jpg\" alt=\"\" class=\"wp-image-442\" style=\"width:768px;height:512px\" srcset=\"http:\/\/www.unterealp-jenzer.de\/wp-content\/uploads\/2021\/05\/DSC_4718-2.jpg 1024w, http:\/\/www.unterealp-jenzer.de\/wp-content\/uploads\/2021\/05\/DSC_4718-2-300x200.jpg 300w, http:\/\/www.unterealp-jenzer.de\/wp-content\/uploads\/2021\/05\/DSC_4718-2-768x512.jpg 768w, http:\/\/www.unterealp-jenzer.de\/wp-content\/uploads\/2021\/05\/DSC_4718-2-624x416.jpg 624w\" sizes=\"(max-width: 1024px) 100vw, 1024px\" \/><\/figure>\n\n\n\n<h2 class=\"wp-block-heading\"><strong>2020<\/strong><\/h2>\n\n\n\n<p>Aradis hat am 31.05.2020 ihr siebtes Fohlen geboren, ihr Name ist <strong>Andey<\/strong>.&nbsp; Andey hat bereits zwei Vollgeschwister (V: M\u00e0ttur fr\u00e1 Torfunesi IS2002166211). Es sind die zwei Wallache Funi und Alfari, beide werden geritten und sind tolle und sch\u00f6ne Reitpferd geworden. Aus diesem Grund haben wir nochmals M\u00e0ttur als Vater ausgew\u00e4hlt und uns ein Stutfohlen gew\u00fcnscht.<\/p>\n\n\n\n<figure class=\"wp-block-image\"><a href=\"http:\/\/www.unterealp-jenzer.de\/wp-content\/uploads\/2016\/06\/DSC_3989.jpg\" target=\"_blank\" rel=\"noopener\"><img loading=\"lazy\" decoding=\"async\" width=\"300\" height=\"200\" src=\"http:\/\/www.unterealp-jenzer.de\/wp-content\/uploads\/2016\/06\/DSC_3989-300x200.jpg\" alt=\"\" class=\"wp-image-314\" srcset=\"http:\/\/www.unterealp-jenzer.de\/wp-content\/uploads\/2016\/06\/DSC_3989-300x200.jpg 300w, http:\/\/www.unterealp-jenzer.de\/wp-content\/uploads\/2016\/06\/DSC_3989-768x512.jpg 768w, http:\/\/www.unterealp-jenzer.de\/wp-content\/uploads\/2016\/06\/DSC_3989-1024x683.jpg 1024w, http:\/\/www.unterealp-jenzer.de\/wp-content\/uploads\/2016\/06\/DSC_3989-624x416.jpg 624w\" sizes=\"(max-width: 300px) 100vw, 300px\" \/><\/a><\/figure>\n\n\n\n<figure class=\"wp-block-image\"><a href=\"http:\/\/www.unterealp-jenzer.de\/wp-content\/uploads\/2016\/06\/DSC_4003.jpg\" target=\"_blank\" rel=\"noopener\"><img loading=\"lazy\" decoding=\"async\" width=\"300\" height=\"200\" src=\"http:\/\/www.unterealp-jenzer.de\/wp-content\/uploads\/2016\/06\/DSC_4003-300x200.jpg\" alt=\"\" class=\"wp-image-315\" srcset=\"http:\/\/www.unterealp-jenzer.de\/wp-content\/uploads\/2016\/06\/DSC_4003-300x200.jpg 300w, http:\/\/www.unterealp-jenzer.de\/wp-content\/uploads\/2016\/06\/DSC_4003-768x512.jpg 768w, http:\/\/www.unterealp-jenzer.de\/wp-content\/uploads\/2016\/06\/DSC_4003-1024x683.jpg 1024w, http:\/\/www.unterealp-jenzer.de\/wp-content\/uploads\/2016\/06\/DSC_4003-624x416.jpg 624w\" sizes=\"(max-width: 300px) 100vw, 300px\" \/><\/a><\/figure>\n\n\n\n<figure class=\"wp-block-image\"><a href=\"http:\/\/www.unterealp-jenzer.de\/wp-content\/uploads\/2016\/06\/DSC_4146-2.jpg\" target=\"_blank\" rel=\"noopener\"><img loading=\"lazy\" decoding=\"async\" width=\"300\" height=\"200\" src=\"http:\/\/www.unterealp-jenzer.de\/wp-content\/uploads\/2016\/06\/DSC_4146-2-300x200.jpg\" alt=\"\" class=\"wp-image-316\" srcset=\"http:\/\/www.unterealp-jenzer.de\/wp-content\/uploads\/2016\/06\/DSC_4146-2-300x200.jpg 300w, http:\/\/www.unterealp-jenzer.de\/wp-content\/uploads\/2016\/06\/DSC_4146-2-768x512.jpg 768w, http:\/\/www.unterealp-jenzer.de\/wp-content\/uploads\/2016\/06\/DSC_4146-2-1024x683.jpg 1024w, http:\/\/www.unterealp-jenzer.de\/wp-content\/uploads\/2016\/06\/DSC_4146-2-624x416.jpg 624w\" sizes=\"(max-width: 300px) 100vw, 300px\" \/><\/a><\/figure>\n\n\n\n<figure class=\"wp-block-image\"><a href=\"http:\/\/www.unterealp-jenzer.de\/wp-content\/uploads\/2016\/06\/DSC_4165.jpg\" target=\"_blank\" rel=\"noopener\"><img loading=\"lazy\" decoding=\"async\" width=\"300\" height=\"200\" src=\"http:\/\/www.unterealp-jenzer.de\/wp-content\/uploads\/2016\/06\/DSC_4165-300x200.jpg\" alt=\"\" class=\"wp-image-317\" srcset=\"http:\/\/www.unterealp-jenzer.de\/wp-content\/uploads\/2016\/06\/DSC_4165-300x200.jpg 300w, http:\/\/www.unterealp-jenzer.de\/wp-content\/uploads\/2016\/06\/DSC_4165-768x512.jpg 768w, http:\/\/www.unterealp-jenzer.de\/wp-content\/uploads\/2016\/06\/DSC_4165-1024x683.jpg 1024w, http:\/\/www.unterealp-jenzer.de\/wp-content\/uploads\/2016\/06\/DSC_4165-624x416.jpg 624w\" sizes=\"(max-width: 300px) 100vw, 300px\" \/><\/a><\/figure>\n\n\n\n<p><strong>Suchen Sie ein tolles Jungpferd zum selber ausbilden?<\/strong><\/p>\n\n\n\n<p>Reifur ist eine gesunder, talentierer 5 G\u00e4nger , von sehr guter Abstammung und bester Aufzucht<strong>. <\/strong><\/p>\n\n\n\n<p>Reifur ist im Herbst 2019 zum ersten Mal mit Boden\/Longen Arbeit auf sein Leben als Reitpferd vorbereitet worden. Dabei hat er auch schon das Handpferdereiten kennen gelernt wurde mit Sattel und Trense bekannt gemacht. Reifur hat auch schon einige Longen Runden unter dem Reiter absolviert und hat sich als sehr bequem zu sitzendem Pferd gezeigt. Er zeigt dabei fliessende \u00dcberg\u00e4nge zwischen T\u00f6lt und Trab. Reifur scheint viel von seiner Mutter geerbt zu haben, er hat sich wie seine Mutter, als sehr anst\u00e4ndiges und respektvolles Pferd gezeigt. Weitere Infos unter Verkauf und Zucht.<\/p>\n\n\n\n<p>Verkaufspreis zur Zeit \u20ac 5500,00<\/p>\n\n\n\n<figure class=\"wp-block-image\"><img loading=\"lazy\" decoding=\"async\" width=\"300\" height=\"200\" src=\"http:\/\/www.unterealp-jenzer.de\/wp-content\/uploads\/2016\/06\/DSC_8027-300x200.jpg\" alt=\"\" class=\"wp-image-252\" srcset=\"http:\/\/www.unterealp-jenzer.de\/wp-content\/uploads\/2016\/06\/DSC_8027-300x200.jpg 300w, http:\/\/www.unterealp-jenzer.de\/wp-content\/uploads\/2016\/06\/DSC_8027-768x512.jpg 768w, http:\/\/www.unterealp-jenzer.de\/wp-content\/uploads\/2016\/06\/DSC_8027.jpg 1024w, http:\/\/www.unterealp-jenzer.de\/wp-content\/uploads\/2016\/06\/DSC_8027-624x416.jpg 624w\" sizes=\"(max-width: 300px) 100vw, 300px\" \/><\/figure>\n\n\n\n<h2 class=\"wp-block-heading\"><strong>2019<\/strong><\/h2>\n\n\n\n<p>Mai 2019<\/p>\n\n\n\n<p>Alfari der vierj\u00e4hrige Sohn von Aradis von der Unteren Alp (V: M\u00e0ttur fr\u00e1 Torfunesi IS2002166211) hat sich zu einem richtigen Pferd entwickelt. Er ist sehr gross mit beeindruckender Aufrichtung und Ausstrahlung. Der junge Mann kommt nun in die erste Ausbildungszeit.<\/p>\n\n\n\n<figure class=\"wp-block-image\"><a href=\"http:\/\/www.unterealp-jenzer.de\/wp-content\/uploads\/2016\/08\/DSC_3753.jpg\" target=\"_blank\" rel=\"noopener\"><img loading=\"lazy\" decoding=\"async\" width=\"300\" height=\"200\" src=\"http:\/\/www.unterealp-jenzer.de\/wp-content\/uploads\/2016\/08\/DSC_3753-300x200.jpg\" alt=\"\" class=\"wp-image-283\" srcset=\"http:\/\/www.unterealp-jenzer.de\/wp-content\/uploads\/2016\/08\/DSC_3753-300x200.jpg 300w, http:\/\/www.unterealp-jenzer.de\/wp-content\/uploads\/2016\/08\/DSC_3753-768x512.jpg 768w, http:\/\/www.unterealp-jenzer.de\/wp-content\/uploads\/2016\/08\/DSC_3753.jpg 1024w, http:\/\/www.unterealp-jenzer.de\/wp-content\/uploads\/2016\/08\/DSC_3753-624x416.jpg 624w\" sizes=\"(max-width: 300px) 100vw, 300px\" \/><\/a><\/figure>\n\n\n\n<figure class=\"wp-block-image\"><a href=\"http:\/\/www.unterealp-jenzer.de\/wp-content\/uploads\/2016\/08\/DSC_3771.jpg\" target=\"_blank\" rel=\"noopener\"><img loading=\"lazy\" decoding=\"async\" width=\"300\" height=\"200\" src=\"http:\/\/www.unterealp-jenzer.de\/wp-content\/uploads\/2016\/08\/DSC_3771-300x200.jpg\" alt=\"\" class=\"wp-image-284\" srcset=\"http:\/\/www.unterealp-jenzer.de\/wp-content\/uploads\/2016\/08\/DSC_3771-300x200.jpg 300w, http:\/\/www.unterealp-jenzer.de\/wp-content\/uploads\/2016\/08\/DSC_3771-768x512.jpg 768w, http:\/\/www.unterealp-jenzer.de\/wp-content\/uploads\/2016\/08\/DSC_3771.jpg 1024w, http:\/\/www.unterealp-jenzer.de\/wp-content\/uploads\/2016\/08\/DSC_3771-624x416.jpg 624w\" sizes=\"(max-width: 300px) 100vw, 300px\" \/><\/a><\/figure>\n\n\n\n<p>April 2019<\/p>\n\n\n\n<p>Aradis von der Unteren Alp hat ihr sechstes Fohlen geboren. Es ist gl\u00fccklicherweise nach vier Hengsten die zweite Stute. Das h\u00fcbsche Stutfohlen mit dem Namen Framtid (Zukunft) ist ein typisches Aradisfohlen mit allen f\u00fcnf G\u00e4ngen.<\/p>\n\n\n\n<figure class=\"wp-block-image\"><a href=\"http:\/\/www.unterealp-jenzer.de\/wp-content\/uploads\/2016\/06\/DSC_3678.jpg\" target=\"_blank\" rel=\"noopener\"><img loading=\"lazy\" decoding=\"async\" width=\"300\" height=\"200\" src=\"http:\/\/www.unterealp-jenzer.de\/wp-content\/uploads\/2016\/06\/DSC_3678-300x200.jpg\" alt=\"\" class=\"wp-image-278\" srcset=\"http:\/\/www.unterealp-jenzer.de\/wp-content\/uploads\/2016\/06\/DSC_3678-300x200.jpg 300w, http:\/\/www.unterealp-jenzer.de\/wp-content\/uploads\/2016\/06\/DSC_3678-768x512.jpg 768w, http:\/\/www.unterealp-jenzer.de\/wp-content\/uploads\/2016\/06\/DSC_3678.jpg 1024w, http:\/\/www.unterealp-jenzer.de\/wp-content\/uploads\/2016\/06\/DSC_3678-624x416.jpg 624w\" sizes=\"(max-width: 300px) 100vw, 300px\" \/><\/a><\/figure>\n\n\n\n<figure class=\"wp-block-image\"><a href=\"http:\/\/www.unterealp-jenzer.de\/wp-content\/uploads\/2016\/06\/DSC_3683.jpg\" target=\"_blank\" rel=\"noopener\"><img loading=\"lazy\" decoding=\"async\" width=\"300\" height=\"200\" src=\"http:\/\/www.unterealp-jenzer.de\/wp-content\/uploads\/2016\/06\/DSC_3683-300x200.jpg\" alt=\"\" class=\"wp-image-279\" srcset=\"http:\/\/www.unterealp-jenzer.de\/wp-content\/uploads\/2016\/06\/DSC_3683-300x200.jpg 300w, http:\/\/www.unterealp-jenzer.de\/wp-content\/uploads\/2016\/06\/DSC_3683-768x512.jpg 768w, http:\/\/www.unterealp-jenzer.de\/wp-content\/uploads\/2016\/06\/DSC_3683.jpg 1024w, http:\/\/www.unterealp-jenzer.de\/wp-content\/uploads\/2016\/06\/DSC_3683-624x416.jpg 624w\" sizes=\"(max-width: 300px) 100vw, 300px\" \/><\/a><\/figure>\n\n\n\n<figure class=\"wp-block-image\"><a href=\"http:\/\/www.unterealp-jenzer.de\/wp-content\/uploads\/2016\/06\/DSC_3715.jpg\" target=\"_blank\" rel=\"noopener\"><img loading=\"lazy\" decoding=\"async\" width=\"300\" height=\"200\" src=\"http:\/\/www.unterealp-jenzer.de\/wp-content\/uploads\/2016\/06\/DSC_3715-300x200.jpg\" alt=\"\" class=\"wp-image-280\" srcset=\"http:\/\/www.unterealp-jenzer.de\/wp-content\/uploads\/2016\/06\/DSC_3715-300x200.jpg 300w, http:\/\/www.unterealp-jenzer.de\/wp-content\/uploads\/2016\/06\/DSC_3715-768x512.jpg 768w, http:\/\/www.unterealp-jenzer.de\/wp-content\/uploads\/2016\/06\/DSC_3715.jpg 1024w, http:\/\/www.unterealp-jenzer.de\/wp-content\/uploads\/2016\/06\/DSC_3715-624x416.jpg 624w\" sizes=\"(max-width: 300px) 100vw, 300px\" \/><\/a><\/figure>\n\n\n\n<figure class=\"wp-block-image\"><a href=\"http:\/\/www.unterealp-jenzer.de\/wp-content\/uploads\/2016\/06\/P1020588.jpg\" target=\"_blank\" rel=\"noopener\"><img loading=\"lazy\" decoding=\"async\" width=\"300\" height=\"200\" src=\"http:\/\/www.unterealp-jenzer.de\/wp-content\/uploads\/2016\/06\/P1020588-300x200.jpg\" alt=\"\" class=\"wp-image-281\" srcset=\"http:\/\/www.unterealp-jenzer.de\/wp-content\/uploads\/2016\/06\/P1020588-300x200.jpg 300w, http:\/\/www.unterealp-jenzer.de\/wp-content\/uploads\/2016\/06\/P1020588-768x512.jpg 768w, http:\/\/www.unterealp-jenzer.de\/wp-content\/uploads\/2016\/06\/P1020588.jpg 1024w, http:\/\/www.unterealp-jenzer.de\/wp-content\/uploads\/2016\/06\/P1020588-624x416.jpg 624w\" sizes=\"(max-width: 300px) 100vw, 300px\" \/><\/a><\/figure>\n\n\n\n<p>Der Vater des Fohlens ist Fengur fr\u00e1 \u00cdbish\u00f3li IS1992157686<\/p>\n\n\n\n<h2 class=\"wp-block-heading\"><strong>2018<\/strong><\/h2>\n\n\n\n<p><strong>Zwei neue Verkaufspferde,&nbsp;<\/strong> <strong>Reifur von der Unteren Alp und <\/strong><strong>Gj\u00f3na von der Unteren Alp<\/strong> (siehe Verkauf)<\/p>\n\n\n\n<h2 class=\"wp-block-heading\"><strong>2017<\/strong><\/h2>\n\n\n\n<p>Endlich!&nbsp; Nach&nbsp;vier Hengsten hat unsere Stammstute&nbsp; Aradis ein h\u00fcbsches Stutfohlen geboren. Wie alle bisherigen Nachkommen ist es ein Fuchs. Arfa ist langbeinig mit guter Aufrichtung bewegt sich leichtf\u00fcssig und zeigt alle G\u00e4nge.<\/p>\n\n\n\n<figure class=\"wp-block-image\"><a href=\"http:\/\/www.unterealp-jenzer.de\/wp-content\/uploads\/2016\/06\/DSC_6671-2.jpg\" target=\"_blank\" rel=\"noopener\"><img loading=\"lazy\" decoding=\"async\" width=\"300\" height=\"200\" src=\"http:\/\/www.unterealp-jenzer.de\/wp-content\/uploads\/2016\/06\/DSC_6671-2-300x200.jpg\" alt=\"\" class=\"wp-image-197\" srcset=\"http:\/\/www.unterealp-jenzer.de\/wp-content\/uploads\/2016\/06\/DSC_6671-2-300x200.jpg 300w, http:\/\/www.unterealp-jenzer.de\/wp-content\/uploads\/2016\/06\/DSC_6671-2-768x512.jpg 768w, http:\/\/www.unterealp-jenzer.de\/wp-content\/uploads\/2016\/06\/DSC_6671-2.jpg 1024w, http:\/\/www.unterealp-jenzer.de\/wp-content\/uploads\/2016\/06\/DSC_6671-2-624x416.jpg 624w\" sizes=\"(max-width: 300px) 100vw, 300px\" \/><\/a><\/figure>\n\n\n\n<figure class=\"wp-block-image\"><a href=\"http:\/\/www.unterealp-jenzer.de\/wp-content\/uploads\/2016\/06\/DSC_6712.jpg\" target=\"_blank\" rel=\"noopener\"><img loading=\"lazy\" decoding=\"async\" width=\"300\" height=\"200\" src=\"http:\/\/www.unterealp-jenzer.de\/wp-content\/uploads\/2016\/06\/DSC_6712-300x200.jpg\" alt=\"\" class=\"wp-image-198\" srcset=\"http:\/\/www.unterealp-jenzer.de\/wp-content\/uploads\/2016\/06\/DSC_6712-300x200.jpg 300w, http:\/\/www.unterealp-jenzer.de\/wp-content\/uploads\/2016\/06\/DSC_6712-768x512.jpg 768w, http:\/\/www.unterealp-jenzer.de\/wp-content\/uploads\/2016\/06\/DSC_6712.jpg 1024w, http:\/\/www.unterealp-jenzer.de\/wp-content\/uploads\/2016\/06\/DSC_6712-624x416.jpg 624w\" sizes=\"(max-width: 300px) 100vw, 300px\" \/><\/a><\/figure>\n\n\n\n<figure class=\"wp-block-image\"><a href=\"http:\/\/www.unterealp-jenzer.de\/wp-content\/uploads\/2016\/06\/DSC_7068.jpg\" target=\"_blank\" rel=\"noopener\"><img loading=\"lazy\" decoding=\"async\" width=\"300\" height=\"200\" src=\"http:\/\/www.unterealp-jenzer.de\/wp-content\/uploads\/2016\/06\/DSC_7068-300x200.jpg\" alt=\"\" class=\"wp-image-193\" srcset=\"http:\/\/www.unterealp-jenzer.de\/wp-content\/uploads\/2016\/06\/DSC_7068-300x200.jpg 300w, http:\/\/www.unterealp-jenzer.de\/wp-content\/uploads\/2016\/06\/DSC_7068-768x512.jpg 768w, http:\/\/www.unterealp-jenzer.de\/wp-content\/uploads\/2016\/06\/DSC_7068.jpg 1024w, http:\/\/www.unterealp-jenzer.de\/wp-content\/uploads\/2016\/06\/DSC_7068-624x416.jpg 624w\" sizes=\"(max-width: 300px) 100vw, 300px\" \/><\/a><\/figure>\n\n\n\n<figure class=\"wp-block-image\"><a href=\"http:\/\/www.unterealp-jenzer.de\/wp-content\/uploads\/2016\/06\/DSC_7071.jpg\" target=\"_blank\" rel=\"noopener\"><img loading=\"lazy\" decoding=\"async\" width=\"300\" height=\"200\" src=\"http:\/\/www.unterealp-jenzer.de\/wp-content\/uploads\/2016\/06\/DSC_7071-300x200.jpg\" alt=\"\" class=\"wp-image-194\" srcset=\"http:\/\/www.unterealp-jenzer.de\/wp-content\/uploads\/2016\/06\/DSC_7071-300x200.jpg 300w, http:\/\/www.unterealp-jenzer.de\/wp-content\/uploads\/2016\/06\/DSC_7071-768x512.jpg 768w, http:\/\/www.unterealp-jenzer.de\/wp-content\/uploads\/2016\/06\/DSC_7071.jpg 1024w, http:\/\/www.unterealp-jenzer.de\/wp-content\/uploads\/2016\/06\/DSC_7071-624x416.jpg 624w\" sizes=\"(max-width: 300px) 100vw, 300px\" \/><\/a><\/figure>\n\n\n\n<figure class=\"wp-block-image\"><a href=\"http:\/\/www.unterealp-jenzer.de\/wp-content\/uploads\/2016\/06\/DSC_7114-2.jpg\" target=\"_blank\" rel=\"noopener\"><img loading=\"lazy\" decoding=\"async\" width=\"300\" height=\"200\" src=\"http:\/\/www.unterealp-jenzer.de\/wp-content\/uploads\/2016\/06\/DSC_7114-2-300x200.jpg\" alt=\"\" class=\"wp-image-195\" srcset=\"http:\/\/www.unterealp-jenzer.de\/wp-content\/uploads\/2016\/06\/DSC_7114-2-300x200.jpg 300w, http:\/\/www.unterealp-jenzer.de\/wp-content\/uploads\/2016\/06\/DSC_7114-2-768x512.jpg 768w, http:\/\/www.unterealp-jenzer.de\/wp-content\/uploads\/2016\/06\/DSC_7114-2.jpg 1024w, http:\/\/www.unterealp-jenzer.de\/wp-content\/uploads\/2016\/06\/DSC_7114-2-624x416.jpg 624w\" sizes=\"(max-width: 300px) 100vw, 300px\" \/><\/a><\/figure>\n\n\n\n<figure class=\"wp-block-image\"><a href=\"http:\/\/www.unterealp-jenzer.de\/wp-content\/uploads\/2016\/06\/DSC_7123.jpg\" target=\"_blank\" rel=\"noopener\"><img loading=\"lazy\" decoding=\"async\" width=\"300\" height=\"200\" src=\"http:\/\/www.unterealp-jenzer.de\/wp-content\/uploads\/2016\/06\/DSC_7123-300x200.jpg\" alt=\"\" class=\"wp-image-196\" srcset=\"http:\/\/www.unterealp-jenzer.de\/wp-content\/uploads\/2016\/06\/DSC_7123-300x200.jpg 300w, http:\/\/www.unterealp-jenzer.de\/wp-content\/uploads\/2016\/06\/DSC_7123-768x512.jpg 768w, http:\/\/www.unterealp-jenzer.de\/wp-content\/uploads\/2016\/06\/DSC_7123.jpg 1024w, http:\/\/www.unterealp-jenzer.de\/wp-content\/uploads\/2016\/06\/DSC_7123-624x416.jpg 624w\" sizes=\"(max-width: 300px) 100vw, 300px\" \/><\/a><\/figure>\n\n\n\n<div class=\"horsetext\">\n<p>Der Vater von Arfa ist Glymur vom Weierholz<\/p>\n<p><span class=\"horse_type\">Fuchshengst , geb. 2014<\/span><\/p>\n<p class=\"horse_bloodline\"><span class=\"bl_v\">VV:&nbsp;Glymur fr\u00e1 Innri-Skeljabrekku<\/span><\/p>\n<p class=\"horse_bloodline\"><span class=\"bl_m\">M:&nbsp;Trop\u00ed fr\u00e1 Hnj\u00faki<\/span><\/p>\n<p>Glymur ist ein leichtf\u00fcssiger, h\u00fcbscher Junghengst mit&nbsp;Blesse.&nbsp; Glymur hat eine hervorragende Abstammung. Sein Vater wurde&nbsp;5-j\u00e4hrig in Island&nbsp;gek\u00f6rt und&nbsp;wurde sehr hoch bewertet (T\u00f6lt 9, Trab 9, Pass 8.5, Galopp 8, Charakter 8.5, Form unter dem Reiter 8.5, Schritt 8.5 = Total 8.65).<br>Glymurs Mutter, Trop\u00ed, ist die h\u00f6chstbewertete Zuchtstute im Jahr 2009 mit sagenhaften 8.8 f\u00fcr Reiteigenschaften.<\/p>\n<div class=\"horsetext\">&nbsp;<\/div>\n<\/div>\n\n\n\n<h2 class=\"wp-block-heading\"><strong>Fohlen 2016<\/strong><\/h2>\n\n\n\n<p>Rit vom Schloss Neubronn mit ihrem Hengstfohlen Reifur. Der Vater ist G\u00f3\u00f0ur-Greifi fr\u00e1 St\u00f3ra-Hofi<\/p>\n\n\n\n<figure class=\"wp-block-image\"><a href=\"http:\/\/www.unterealp-jenzer.de\/wp-content\/uploads\/2016\/06\/DSC_4306.jpg\"><img loading=\"lazy\" decoding=\"async\" width=\"300\" height=\"200\" src=\"http:\/\/www.unterealp-jenzer.de\/wp-content\/uploads\/2016\/06\/DSC_4306-300x200.jpg\" alt=\"DSC_4306\" class=\"wp-image-57\" srcset=\"http:\/\/www.unterealp-jenzer.de\/wp-content\/uploads\/2016\/06\/DSC_4306-300x200.jpg 300w, http:\/\/www.unterealp-jenzer.de\/wp-content\/uploads\/2016\/06\/DSC_4306-768x512.jpg 768w, http:\/\/www.unterealp-jenzer.de\/wp-content\/uploads\/2016\/06\/DSC_4306.jpg 1024w, http:\/\/www.unterealp-jenzer.de\/wp-content\/uploads\/2016\/06\/DSC_4306-624x416.jpg 624w\" sizes=\"(max-width: 300px) 100vw, 300px\" \/><\/a><\/figure>\n\n\n\n<figure class=\"wp-block-image\"><a href=\"http:\/\/www.unterealp-jenzer.de\/wp-content\/uploads\/2016\/06\/DSC_4316.jpg\"><img loading=\"lazy\" decoding=\"async\" width=\"300\" height=\"200\" src=\"http:\/\/www.unterealp-jenzer.de\/wp-content\/uploads\/2016\/06\/DSC_4316-300x200.jpg\" alt=\"DSC_4316\" class=\"wp-image-58\" srcset=\"http:\/\/www.unterealp-jenzer.de\/wp-content\/uploads\/2016\/06\/DSC_4316-300x200.jpg 300w, http:\/\/www.unterealp-jenzer.de\/wp-content\/uploads\/2016\/06\/DSC_4316-768x512.jpg 768w, http:\/\/www.unterealp-jenzer.de\/wp-content\/uploads\/2016\/06\/DSC_4316.jpg 1024w, http:\/\/www.unterealp-jenzer.de\/wp-content\/uploads\/2016\/06\/DSC_4316-624x416.jpg 624w\" sizes=\"(max-width: 300px) 100vw, 300px\" \/><\/a><\/figure>\n\n\n\n<p>Aradis von der Unteren Alp mit ihrem Hengstfohlen Arion. Auch hier ist der Vater G\u00f3\u00f0ur-Greifi fr\u00e1 St\u00f3ra-Hofi<\/p>\n\n\n\n<figure class=\"wp-block-image\"><a href=\"http:\/\/www.unterealp-jenzer.de\/wp-content\/uploads\/2016\/06\/DSC_4141.jpg\"><img loading=\"lazy\" decoding=\"async\" width=\"300\" height=\"200\" src=\"http:\/\/www.unterealp-jenzer.de\/wp-content\/uploads\/2016\/06\/DSC_4141-300x200.jpg\" alt=\"DSC_4141\" class=\"wp-image-59\" srcset=\"http:\/\/www.unterealp-jenzer.de\/wp-content\/uploads\/2016\/06\/DSC_4141-300x200.jpg 300w, http:\/\/www.unterealp-jenzer.de\/wp-content\/uploads\/2016\/06\/DSC_4141-768x512.jpg 768w, http:\/\/www.unterealp-jenzer.de\/wp-content\/uploads\/2016\/06\/DSC_4141.jpg 1024w, http:\/\/www.unterealp-jenzer.de\/wp-content\/uploads\/2016\/06\/DSC_4141-624x416.jpg 624w\" sizes=\"(max-width: 300px) 100vw, 300px\" \/><\/a><\/figure>\n\n\n\n<figure class=\"wp-block-image\"><a href=\"http:\/\/www.unterealp-jenzer.de\/wp-content\/uploads\/2016\/06\/DSC_4191.jpg\"><img loading=\"lazy\" decoding=\"async\" width=\"300\" height=\"200\" src=\"http:\/\/www.unterealp-jenzer.de\/wp-content\/uploads\/2016\/06\/DSC_4191-300x200.jpg\" alt=\"DSC_4191\" class=\"wp-image-60\" srcset=\"http:\/\/www.unterealp-jenzer.de\/wp-content\/uploads\/2016\/06\/DSC_4191-300x200.jpg 300w, http:\/\/www.unterealp-jenzer.de\/wp-content\/uploads\/2016\/06\/DSC_4191-768x512.jpg 768w, http:\/\/www.unterealp-jenzer.de\/wp-content\/uploads\/2016\/06\/DSC_4191.jpg 1024w, http:\/\/www.unterealp-jenzer.de\/wp-content\/uploads\/2016\/06\/DSC_4191-624x416.jpg 624w\" sizes=\"(max-width: 300px) 100vw, 300px\" \/><\/a><\/figure>\n","protected":false},"excerpt":{"rendered":"<p>Dezember 2023 Unsere neue zeitgesteuerte Futterraufe ist in Betrieb. Sie ersetzt die bisherige Heuf\u00fctterung mit Futterh\u00e4uschen und Heusparnetz. Durch die Zeitsteuerung haben die Pferde nun innerhalb von 24 Stunden f\u00fcnf Mal die Gelegenheit, Heu zu fressen. Die Pferde haben somit maximal vier Stunden Fresspausen. Sieben je 2 Meter breite Futterluken stehen den Pferden zur Verf\u00fcgung. [&hellip;]<\/p>\n","protected":false},"author":1,"featured_media":0,"parent":0,"menu_order":0,"comment_status":"closed","ping_status":"closed","template":"","meta":{"ngg_post_thumbnail":0,"footnotes":""},"_links":{"self":[{"href":"http:\/\/www.unterealp-jenzer.de\/index.php?rest_route=\/wp\/v2\/pages\/16"}],"collection":[{"href":"http:\/\/www.unterealp-jenzer.de\/index.php?rest_route=\/wp\/v2\/pages"}],"about":[{"href":"http:\/\/www.unterealp-jenzer.de\/index.php?rest_route=\/wp\/v2\/types\/page"}],"author":[{"embeddable":true,"href":"http:\/\/www.unterealp-jenzer.de\/index.php?rest_route=\/wp\/v2\/users\/1"}],"replies":[{"embeddable":true,"href":"http:\/\/www.unterealp-jenzer.de\/index.php?rest_route=%2Fwp%2Fv2%2Fcomments&post=16"}],"version-history":[{"count":40,"href":"http:\/\/www.unterealp-jenzer.de\/index.php?rest_route=\/wp\/v2\/pages\/16\/revisions"}],"predecessor-version":[{"id":543,"href":"http:\/\/www.unterealp-jenzer.de\/index.php?rest_route=\/wp\/v2\/pages\/16\/revisions\/543"}],"wp:attachment":[{"href":"http:\/\/www.unterealp-jenzer.de\/index.php?rest_route=%2Fwp%2Fv2%2Fmedia&parent=16"}],"curies":[{"name":"wp","href":"https:\/\/api.w.org\/{rel}","templated":true}]}}