{"id":26,"date":"2016-06-13T19:55:51","date_gmt":"2016-06-13T19:55:51","guid":{"rendered":"http:\/\/www.unterealp-jenzer.de\/?page_id=26"},"modified":"2023-04-24T09:34:44","modified_gmt":"2023-04-24T09:34:44","slug":"zucht","status":"publish","type":"page","link":"http:\/\/www.unterealp-jenzer.de\/?page_id=26","title":{"rendered":"Zucht"},"content":{"rendered":"\n<p>Islandpferdezucht Untere Alp<\/p>\n\n\n\n<p>Die Freude an der Islandpferdezucht besteht schon lange. Da Marcel bereits vor vielen Jahren Mitglied der Zuchtkommission der IPV CH war, und auch \u00fcber Jahre als Zuchtrichter und Reiterrichter t\u00e4tig war, hat sich eine klare Vorstellung von guten Reitpferden entwickelt. Unsere kleine Zucht zielt darauf ab, gute <strong>Reitpferde<\/strong> zu z\u00fcchten. Vorrangig ist dabei der Charakter der Elterntiere und deren starke genetische Veranlagung zu T\u00f6lt und Pass. Selbstverst\u00e4ndlich ist eine robuste Gesundheit und die Ekzemfreiheit zwingend.<\/p>\n\n\n\n<p>Unsere Zuchtstuten m\u00fcssen sich als Reitpferde bew\u00e4hrt haben. Ein sympathisches Gesicht, gepaart mit guten Proportionen und einer guten nat\u00fcrlichen Balance sind uns wichtig. Bei der Gangveranlagung sind geschmeidige F\u00fcnfg\u00e4nger mit raumgreifenden Bewegungen unsere Favoriten.<\/p>\n\n\n\n<p>Zuchtstuten:<\/p>\n\n\n\n<p><strong>Aradis von der Unteren Alp<\/strong> DE2003210816 Fuchs mit Stern und hellem Behang, leider 2022 gestorben<\/p>\n\n\n\n<figure class=\"wp-block-image size-large is-resized\"><img loading=\"lazy\" decoding=\"async\" src=\"http:\/\/www.unterealp-jenzer.de\/wp-content\/uploads\/2016\/06\/Aradis-1024x680.jpg\" alt=\"Aradis\" class=\"wp-image-52\" width=\"768\" height=\"510\" srcset=\"http:\/\/www.unterealp-jenzer.de\/wp-content\/uploads\/2016\/06\/Aradis.jpg 1024w, http:\/\/www.unterealp-jenzer.de\/wp-content\/uploads\/2016\/06\/Aradis-300x199.jpg 300w, http:\/\/www.unterealp-jenzer.de\/wp-content\/uploads\/2016\/06\/Aradis-768x510.jpg 768w, http:\/\/www.unterealp-jenzer.de\/wp-content\/uploads\/2016\/06\/Aradis-624x414.jpg 624w\" sizes=\"(max-width: 768px) 100vw, 768px\" \/><\/figure>\n\n\n\n<p><strong>Blesa<\/strong> <strong>fr\u00e1 Bergi<\/strong> IS2007237337 Hellfuchs mit Blesse<\/p>\n\n\n\n<figure class=\"wp-block-image size-large is-resized\"><img loading=\"lazy\" decoding=\"async\" src=\"http:\/\/www.unterealp-jenzer.de\/wp-content\/uploads\/2021\/05\/DSC_4718-2.jpg\" alt=\"\" class=\"wp-image-442\" width=\"768\" height=\"512\" srcset=\"http:\/\/www.unterealp-jenzer.de\/wp-content\/uploads\/2021\/05\/DSC_4718-2.jpg 1024w, http:\/\/www.unterealp-jenzer.de\/wp-content\/uploads\/2021\/05\/DSC_4718-2-300x200.jpg 300w, http:\/\/www.unterealp-jenzer.de\/wp-content\/uploads\/2021\/05\/DSC_4718-2-768x512.jpg 768w, http:\/\/www.unterealp-jenzer.de\/wp-content\/uploads\/2021\/05\/DSC_4718-2-624x416.jpg 624w\" sizes=\"(max-width: 768px) 100vw, 768px\" \/><\/figure>\n\n\n\n<p>Weitere Details finden Sie <a href=\"http:\/\/www.unterealp-jenzer.de\/?page_id=80\">hier<\/a><\/p>\n","protected":false},"excerpt":{"rendered":"<p>Islandpferdezucht Untere Alp Die Freude an der Islandpferdezucht besteht schon lange. Da Marcel bereits vor vielen Jahren Mitglied der Zuchtkommission der IPV CH war, und auch \u00fcber Jahre als Zuchtrichter und Reiterrichter t\u00e4tig war, hat sich eine klare Vorstellung von guten Reitpferden entwickelt. Unsere kleine Zucht zielt darauf ab, gute Reitpferde zu z\u00fcchten. Vorrangig ist [&hellip;]<\/p>\n","protected":false},"author":1,"featured_media":0,"parent":0,"menu_order":0,"comment_status":"closed","ping_status":"closed","template":"","meta":{"ngg_post_thumbnail":0,"footnotes":""},"_links":{"self":[{"href":"http:\/\/www.unterealp-jenzer.de\/index.php?rest_route=\/wp\/v2\/pages\/26"}],"collection":[{"href":"http:\/\/www.unterealp-jenzer.de\/index.php?rest_route=\/wp\/v2\/pages"}],"about":[{"href":"http:\/\/www.unterealp-jenzer.de\/index.php?rest_route=\/wp\/v2\/types\/page"}],"author":[{"embeddable":true,"href":"http:\/\/www.unterealp-jenzer.de\/index.php?rest_route=\/wp\/v2\/users\/1"}],"replies":[{"embeddable":true,"href":"http:\/\/www.unterealp-jenzer.de\/index.php?rest_route=%2Fwp%2Fv2%2Fcomments&post=26"}],"version-history":[{"count":11,"href":"http:\/\/www.unterealp-jenzer.de\/index.php?rest_route=\/wp\/v2\/pages\/26\/revisions"}],"predecessor-version":[{"id":507,"href":"http:\/\/www.unterealp-jenzer.de\/index.php?rest_route=\/wp\/v2\/pages\/26\/revisions\/507"}],"wp:attachment":[{"href":"http:\/\/www.unterealp-jenzer.de\/index.php?rest_route=%2Fwp%2Fv2%2Fmedia&parent=26"}],"curies":[{"name":"wp","href":"https:\/\/api.w.org\/{rel}","templated":true}]}}