{"id":7,"date":"2016-06-13T19:36:08","date_gmt":"2016-06-13T19:36:08","guid":{"rendered":"http:\/\/unterealp-jenzer.de\/?page_id=7"},"modified":"2023-12-22T11:33:36","modified_gmt":"2023-12-22T11:33:36","slug":"pension","status":"publish","type":"page","link":"http:\/\/www.unterealp-jenzer.de\/?page_id=7","title":{"rendered":"Pension &#038; Einsteller"},"content":{"rendered":"\n<h2 class=\"wp-block-heading\"><strong>Freilaufstall mit Gruppenhaltung<\/strong><\/h2>\n\n\n\n<figure class=\"wp-block-image size-large is-resized\"><img loading=\"lazy\" decoding=\"async\" src=\"http:\/\/www.unterealp-jenzer.de\/wp-content\/uploads\/2021\/05\/DSC_4726.jpg\" alt=\"\" class=\"wp-image-402\" width=\"768\" height=\"512\" srcset=\"http:\/\/www.unterealp-jenzer.de\/wp-content\/uploads\/2021\/05\/DSC_4726.jpg 1024w, http:\/\/www.unterealp-jenzer.de\/wp-content\/uploads\/2021\/05\/DSC_4726-300x200.jpg 300w, http:\/\/www.unterealp-jenzer.de\/wp-content\/uploads\/2021\/05\/DSC_4726-768x512.jpg 768w, http:\/\/www.unterealp-jenzer.de\/wp-content\/uploads\/2021\/05\/DSC_4726-624x416.jpg 624w\" sizes=\"(max-width: 768px) 100vw, 768px\" \/><\/figure>\n\n\n\n<p>In der Welt der Pferde ist fast jede T\u00e4tigkeit mit Bewegung verbunden. Pferde grasen bis zu 16 Stunden t\u00e4glich, w\u00e4hrend sie langsam vorw\u00e4rts schreiten. In den Pr\u00e4rien Nordamerikas legen Wildpferde t\u00e4glich bis zu 16 Kilometern zur\u00fcck, um von ihrem Weidegrund bis zu einer Wasserstelle zu kommen. Und auf der Flucht erreichen Pferde Geschwindigkeiten von bis zu 65 km\/h.<\/p>\n\n\n\n<p>Pferde k\u00f6nnen grosse Temperaturschwankungen gut ertragen, brauchen also keine vollklimatisierten St\u00e4lle \u2013 im Gegenteil: ein gleich bleibendes Innenraumklima stimuliert ihren K\u00f6rper zu wenig und macht sie anf\u00e4llig f\u00fcr Krankheiten. Ein Stallklima, dessen Temperaturen bei gutem Luftaustausch mehr oder weniger dem Aussenklima folgt, wird dem Bed\u00fcrfnis der Pferde am besten gerecht.<\/p>\n\n\n\n<figure class=\"wp-block-image size-large is-resized\"><img loading=\"lazy\" decoding=\"async\" src=\"http:\/\/www.unterealp-jenzer.de\/wp-content\/uploads\/2021\/05\/DSC_4729.jpg\" alt=\"\" class=\"wp-image-403\" width=\"768\" height=\"512\" srcset=\"http:\/\/www.unterealp-jenzer.de\/wp-content\/uploads\/2021\/05\/DSC_4729.jpg 1024w, http:\/\/www.unterealp-jenzer.de\/wp-content\/uploads\/2021\/05\/DSC_4729-300x200.jpg 300w, http:\/\/www.unterealp-jenzer.de\/wp-content\/uploads\/2021\/05\/DSC_4729-768x512.jpg 768w, http:\/\/www.unterealp-jenzer.de\/wp-content\/uploads\/2021\/05\/DSC_4729-624x416.jpg 624w\" sizes=\"(max-width: 768px) 100vw, 768px\" \/><\/figure>\n\n\n\n<p>In freier Wildbahn leben Pferde in kleinen Gruppen. Der Umgang der Tiere untereinander ist durch eine feste Rangordnung geregelt. Diese Abh\u00e4ngigkeit von den Gruppen- und Herdengenossen ist auch im Wesen der Hauspferde noch fest verankert. F\u00fcr das Wohlbefinden eines Pferdes ist der Kontakt zu Artgenossen etwas fundamental Wichtiges.<\/p>\n\n\n\n<figure class=\"wp-block-image size-large is-resized\"><a href=\"http:\/\/www.unterealp-jenzer.de\/wp-content\/uploads\/2016\/06\/DSC_5852.jpg\" target=\"_blank\" rel=\"noopener\"><img loading=\"lazy\" decoding=\"async\" src=\"http:\/\/www.unterealp-jenzer.de\/wp-content\/uploads\/2016\/06\/DSC_5852-1024x683.jpg\" alt=\"dsc_5852\" class=\"wp-image-154\" width=\"768\" height=\"512\" srcset=\"http:\/\/www.unterealp-jenzer.de\/wp-content\/uploads\/2016\/06\/DSC_5852.jpg 1024w, http:\/\/www.unterealp-jenzer.de\/wp-content\/uploads\/2016\/06\/DSC_5852-300x200.jpg 300w, http:\/\/www.unterealp-jenzer.de\/wp-content\/uploads\/2016\/06\/DSC_5852-768x512.jpg 768w, http:\/\/www.unterealp-jenzer.de\/wp-content\/uploads\/2016\/06\/DSC_5852-624x416.jpg 624w\" sizes=\"(max-width: 768px) 100vw, 768px\" \/><\/a><\/figure>\n\n\n\n<figure class=\"wp-block-image size-large is-resized\"><a href=\"http:\/\/www.unterealp-jenzer.de\/wp-content\/uploads\/2016\/06\/DSC_5039.jpg\" target=\"_blank\" rel=\"noopener\"><img loading=\"lazy\" decoding=\"async\" src=\"http:\/\/www.unterealp-jenzer.de\/wp-content\/uploads\/2016\/06\/DSC_5039-1024x683.jpg\" alt=\"DSC_5039\" class=\"wp-image-95\" width=\"768\" height=\"512\" srcset=\"http:\/\/www.unterealp-jenzer.de\/wp-content\/uploads\/2016\/06\/DSC_5039.jpg 1024w, http:\/\/www.unterealp-jenzer.de\/wp-content\/uploads\/2016\/06\/DSC_5039-300x200.jpg 300w, http:\/\/www.unterealp-jenzer.de\/wp-content\/uploads\/2016\/06\/DSC_5039-768x512.jpg 768w, http:\/\/www.unterealp-jenzer.de\/wp-content\/uploads\/2016\/06\/DSC_5039-624x416.jpg 624w\" sizes=\"(max-width: 768px) 100vw, 768px\" \/><\/a><\/figure>\n\n\n\n<p>Die neusten Erkenntnisse der Pferdehaltung favorisieren eindeutig die Gruppenhaltung.<br>In dieser Haltungsform werden die nat\u00fcrlichen Bed\u00fcrfnisse des Pferdes wie Sozialkontakt, Bewegungsm\u00f6glichkeit, Licht und Luft am besten abgedeckt.<\/p>\n\n\n\n<figure class=\"wp-block-image size-large is-resized\"><a href=\"http:\/\/www.unterealp-jenzer.de\/wp-content\/uploads\/2016\/06\/DSC_5036.jpg\" target=\"_blank\" rel=\"noopener\"><img loading=\"lazy\" decoding=\"async\" src=\"http:\/\/www.unterealp-jenzer.de\/wp-content\/uploads\/2016\/06\/DSC_5036-1024x683.jpg\" alt=\"DSC_5036\" class=\"wp-image-89\" width=\"768\" height=\"512\" srcset=\"http:\/\/www.unterealp-jenzer.de\/wp-content\/uploads\/2016\/06\/DSC_5036.jpg 1024w, http:\/\/www.unterealp-jenzer.de\/wp-content\/uploads\/2016\/06\/DSC_5036-300x200.jpg 300w, http:\/\/www.unterealp-jenzer.de\/wp-content\/uploads\/2016\/06\/DSC_5036-768x512.jpg 768w, http:\/\/www.unterealp-jenzer.de\/wp-content\/uploads\/2016\/06\/DSC_5036-624x416.jpg 624w\" sizes=\"(max-width: 768px) 100vw, 768px\" \/><\/a><\/figure>\n\n\n\n<figure class=\"wp-block-image size-full is-resized\"><img loading=\"lazy\" decoding=\"async\" src=\"http:\/\/www.unterealp-jenzer.de\/wp-content\/uploads\/2023\/12\/20231222_090557.jpg\" alt=\"\" class=\"wp-image-529\" width=\"770\" height=\"373\" srcset=\"http:\/\/www.unterealp-jenzer.de\/wp-content\/uploads\/2023\/12\/20231222_090557.jpg 1024w, http:\/\/www.unterealp-jenzer.de\/wp-content\/uploads\/2023\/12\/20231222_090557-300x146.jpg 300w, http:\/\/www.unterealp-jenzer.de\/wp-content\/uploads\/2023\/12\/20231222_090557-768x373.jpg 768w, http:\/\/www.unterealp-jenzer.de\/wp-content\/uploads\/2023\/12\/20231222_090557-624x303.jpg 624w\" sizes=\"(max-width: 770px) 100vw, 770px\" \/><\/figure>\n\n\n\n<p>Unser Freilaufstall besteht aus dem ehemaligen Kuhstall (dunkel und k\u00fchl, ideal, um Insekten fernzuhalten). Darin befindet sich eine mit Waldboden eingestreute Liegefl\u00e4che. \u00dcber den befestigten Paddock gelangen die Pferde zum Futterbereich. Hier befindet sich das grosse (7 x 2,5 Meter) zeitgesteuerte Futterhaus. <\/p>\n\n\n\n<p>Nat\u00fcrlich sind auch frostsichere Selbsttr\u00e4nken integriert.<\/p>\n\n\n\n<figure class=\"wp-block-image size-full is-resized\"><img loading=\"lazy\" decoding=\"async\" src=\"http:\/\/www.unterealp-jenzer.de\/wp-content\/uploads\/2023\/12\/20231222_090726.jpg\" alt=\"\" class=\"wp-image-531\" width=\"768\" height=\"372\" srcset=\"http:\/\/www.unterealp-jenzer.de\/wp-content\/uploads\/2023\/12\/20231222_090726.jpg 1024w, http:\/\/www.unterealp-jenzer.de\/wp-content\/uploads\/2023\/12\/20231222_090726-300x146.jpg 300w, http:\/\/www.unterealp-jenzer.de\/wp-content\/uploads\/2023\/12\/20231222_090726-768x373.jpg 768w, http:\/\/www.unterealp-jenzer.de\/wp-content\/uploads\/2023\/12\/20231222_090726-624x303.jpg 624w\" sizes=\"(max-width: 768px) 100vw, 768px\" \/><\/figure>\n\n\n\n<h2 class=\"wp-block-heading\"><strong>F\u00fctterung<\/strong><\/h2>\n\n\n\n<p><strong>Sommer<\/strong><\/p>\n\n\n\n<p>Im Sommer dienen unsere weitl\u00e4ufigen Weiden (12 Hektaren Grasfl\u00e4che) der Futteraufnahme. Stroh steht den Pferden als Erg\u00e4nzung zur Verf\u00fcgung.<\/p>\n\n\n\n<figure class=\"wp-block-image size-large is-resized\"><img loading=\"lazy\" decoding=\"async\" src=\"http:\/\/www.unterealp-jenzer.de\/wp-content\/uploads\/2021\/05\/DSCN0669-2.jpg\" alt=\"\" class=\"wp-image-414\" width=\"768\" height=\"575\" srcset=\"http:\/\/www.unterealp-jenzer.de\/wp-content\/uploads\/2021\/05\/DSCN0669-2.jpg 1024w, http:\/\/www.unterealp-jenzer.de\/wp-content\/uploads\/2021\/05\/DSCN0669-2-300x225.jpg 300w, http:\/\/www.unterealp-jenzer.de\/wp-content\/uploads\/2021\/05\/DSCN0669-2-768x575.jpg 768w, http:\/\/www.unterealp-jenzer.de\/wp-content\/uploads\/2021\/05\/DSCN0669-2-624x467.jpg 624w\" sizes=\"(max-width: 768px) 100vw, 768px\" \/><\/figure>\n\n\n\n<figure class=\"wp-block-image size-large is-resized\"><img loading=\"lazy\" decoding=\"async\" src=\"http:\/\/www.unterealp-jenzer.de\/wp-content\/uploads\/2021\/05\/DSC_4645.jpg\" alt=\"\" class=\"wp-image-391\" width=\"768\" height=\"512\" srcset=\"http:\/\/www.unterealp-jenzer.de\/wp-content\/uploads\/2021\/05\/DSC_4645.jpg 1024w, http:\/\/www.unterealp-jenzer.de\/wp-content\/uploads\/2021\/05\/DSC_4645-300x200.jpg 300w, http:\/\/www.unterealp-jenzer.de\/wp-content\/uploads\/2021\/05\/DSC_4645-768x512.jpg 768w, http:\/\/www.unterealp-jenzer.de\/wp-content\/uploads\/2021\/05\/DSC_4645-624x416.jpg 624w\" sizes=\"(max-width: 768px) 100vw, 768px\" \/><\/figure>\n\n\n\n<p><strong>Winter<\/strong><\/p>\n\n\n\n<p>Die Futterbasis ist selbstgewonnenes Heu. Auf Heulage verzichten wir, aufgrund der neuesten Erkenntnisse \u00fcber deren Unvertr\u00e4glichkeit, komplett. Die Heuf\u00fctterung erfolgt im abtrennbaren Futterbereich. Dort steht den Pferden Heu in unserer neuen Zeitgesteuerten Rundballenraufe zur Verf\u00fcgung. Sie ersetzt die bisherige Heuf\u00fctterung mit Futterh\u00e4uschen und Heusparnetz.<\/p>\n\n\n\n<p>Durch die Zeitsteuerung haben die Pferde nun innerhalb von 24 Stunden f\u00fcnf Mal die Gelegenheit, Heu zu fressen. Die Pferde haben somit maximal vier Stunden Fresspausen.<\/p>\n\n\n\n<figure class=\"wp-block-image size-full\"><img loading=\"lazy\" decoding=\"async\" width=\"373\" height=\"768\" src=\"http:\/\/www.unterealp-jenzer.de\/wp-content\/uploads\/2023\/12\/20231019_181511-1.jpg\" alt=\"\" class=\"wp-image-532\" srcset=\"http:\/\/www.unterealp-jenzer.de\/wp-content\/uploads\/2023\/12\/20231019_181511-1.jpg 373w, http:\/\/www.unterealp-jenzer.de\/wp-content\/uploads\/2023\/12\/20231019_181511-1-146x300.jpg 146w\" sizes=\"(max-width: 373px) 100vw, 373px\" \/><\/figure>\n\n\n\n<p>Sieben, je 2 Meter breite Futterluken stehen den Pferden zur Verf\u00fcgung. Das Heu kann nun auch ohne Heusparnetze gefressen werden.<\/p>\n\n\n\n<figure class=\"wp-block-image size-full\"><img loading=\"lazy\" decoding=\"async\" width=\"1024\" height=\"497\" src=\"http:\/\/www.unterealp-jenzer.de\/wp-content\/uploads\/2023\/12\/20231222_090740.jpg\" alt=\"\" class=\"wp-image-533\" srcset=\"http:\/\/www.unterealp-jenzer.de\/wp-content\/uploads\/2023\/12\/20231222_090740.jpg 1024w, http:\/\/www.unterealp-jenzer.de\/wp-content\/uploads\/2023\/12\/20231222_090740-300x146.jpg 300w, http:\/\/www.unterealp-jenzer.de\/wp-content\/uploads\/2023\/12\/20231222_090740-768x373.jpg 768w, http:\/\/www.unterealp-jenzer.de\/wp-content\/uploads\/2023\/12\/20231222_090740-624x303.jpg 624w\" sizes=\"(max-width: 1024px) 100vw, 1024px\" \/><\/figure>\n\n\n\n<h2 class=\"wp-block-heading\"><strong>Reithalle, Sattelkammer und Aufenthaltsraum<\/strong><\/h2>\n\n\n\n<p>2005 wurde eine helle, freundliche Reithalle gebaut. Darin integriert ist eine<br>beheizte Sattelkammer, welche auch als Theorie- und Aufenthaltsraum dienen<br>kann. Jeder Einsteller hat einen eigenen, abschliessbaren Sattelschrank. Ebenfalls gibt es eine kleine K\u00fcche und eine Toilette.<\/p>\n\n\n\n<figure class=\"wp-block-image size-large is-resized\"><a href=\"http:\/\/www.unterealp-jenzer.de\/wp-content\/uploads\/2016\/06\/DSC_4771.jpg\" target=\"_blank\" rel=\"noopener\"><img loading=\"lazy\" decoding=\"async\" src=\"http:\/\/www.unterealp-jenzer.de\/wp-content\/uploads\/2016\/06\/DSC_4771-1024x681.jpg\" alt=\"DSC_4771\" class=\"wp-image-100\" width=\"768\" height=\"511\" srcset=\"http:\/\/www.unterealp-jenzer.de\/wp-content\/uploads\/2016\/06\/DSC_4771.jpg 1024w, http:\/\/www.unterealp-jenzer.de\/wp-content\/uploads\/2016\/06\/DSC_4771-300x200.jpg 300w, http:\/\/www.unterealp-jenzer.de\/wp-content\/uploads\/2016\/06\/DSC_4771-768x511.jpg 768w, http:\/\/www.unterealp-jenzer.de\/wp-content\/uploads\/2016\/06\/DSC_4771-624x415.jpg 624w\" sizes=\"(max-width: 768px) 100vw, 768px\" \/><\/a><\/figure>\n\n\n\n<figure class=\"wp-block-image size-large is-resized\"><img loading=\"lazy\" decoding=\"async\" src=\"http:\/\/www.unterealp-jenzer.de\/wp-content\/uploads\/2021\/05\/DSC_1241.jpg\" alt=\"\" class=\"wp-image-376\" width=\"768\" height=\"510\" srcset=\"http:\/\/www.unterealp-jenzer.de\/wp-content\/uploads\/2021\/05\/DSC_1241.jpg 1024w, http:\/\/www.unterealp-jenzer.de\/wp-content\/uploads\/2021\/05\/DSC_1241-300x199.jpg 300w, http:\/\/www.unterealp-jenzer.de\/wp-content\/uploads\/2021\/05\/DSC_1241-768x510.jpg 768w, http:\/\/www.unterealp-jenzer.de\/wp-content\/uploads\/2021\/05\/DSC_1241-624x414.jpg 624w\" sizes=\"(max-width: 768px) 100vw, 768px\" \/><\/figure>\n\n\n\n<figure class=\"wp-block-image size-large is-resized\"><img loading=\"lazy\" decoding=\"async\" src=\"http:\/\/www.unterealp-jenzer.de\/wp-content\/uploads\/2021\/05\/DSC_4686.jpg\" alt=\"\" class=\"wp-image-395\" width=\"768\" height=\"512\" srcset=\"http:\/\/www.unterealp-jenzer.de\/wp-content\/uploads\/2021\/05\/DSC_4686.jpg 1024w, http:\/\/www.unterealp-jenzer.de\/wp-content\/uploads\/2021\/05\/DSC_4686-300x200.jpg 300w, http:\/\/www.unterealp-jenzer.de\/wp-content\/uploads\/2021\/05\/DSC_4686-768x512.jpg 768w, http:\/\/www.unterealp-jenzer.de\/wp-content\/uploads\/2021\/05\/DSC_4686-624x416.jpg 624w\" sizes=\"(max-width: 768px) 100vw, 768px\" \/><\/figure>\n\n\n\n<figure class=\"wp-block-image size-large is-resized\"><a href=\"http:\/\/www.unterealp-jenzer.de\/wp-content\/uploads\/2016\/06\/DSC_5085.jpg\" target=\"_blank\" rel=\"noopener\"><img loading=\"lazy\" decoding=\"async\" src=\"http:\/\/www.unterealp-jenzer.de\/wp-content\/uploads\/2016\/06\/DSC_5085-1024x683.jpg\" alt=\"DSC_5085\" class=\"wp-image-122\" width=\"768\" height=\"512\" srcset=\"http:\/\/www.unterealp-jenzer.de\/wp-content\/uploads\/2016\/06\/DSC_5085.jpg 1024w, http:\/\/www.unterealp-jenzer.de\/wp-content\/uploads\/2016\/06\/DSC_5085-300x200.jpg 300w, http:\/\/www.unterealp-jenzer.de\/wp-content\/uploads\/2016\/06\/DSC_5085-768x512.jpg 768w, http:\/\/www.unterealp-jenzer.de\/wp-content\/uploads\/2016\/06\/DSC_5085-624x416.jpg 624w\" sizes=\"(max-width: 768px) 100vw, 768px\" \/><\/a><\/figure>\n\n\n\n<p>Durch unsere Lage auf einer Hochebene auf 740 m \u00fc. M. erleben die Pferde ein ideales Klima. Reitverbote? Weit und breit sind hier keine zu finden.<\/p>\n\n\n\n<h2 class=\"wp-block-heading\"><strong>Preise<\/strong><\/h2>\n\n\n\n<p>Freilaufstall&nbsp;&nbsp;&nbsp;&nbsp;&nbsp;&nbsp;&nbsp;&nbsp;&nbsp;&nbsp;&nbsp;&nbsp;&nbsp;&nbsp;&nbsp;&nbsp;&nbsp;&nbsp;&nbsp;&nbsp;&nbsp;&nbsp;&nbsp;&nbsp;&nbsp;&nbsp;&nbsp;&nbsp;&nbsp;&nbsp;&nbsp;&nbsp;&nbsp; \u20ac&nbsp;&nbsp;&nbsp;&nbsp;&nbsp;&nbsp;&nbsp;&nbsp;&nbsp;&nbsp;&nbsp;&nbsp;&nbsp;&nbsp;&nbsp;&nbsp;&nbsp; 310,00&nbsp;&nbsp;&nbsp;&nbsp;&nbsp; pro Monat inkl. MwSt. <strong>beinhaltet Stalldienstpflicht<\/strong><\/p>\n\n\n\n<p>Kurzpension Boxe&nbsp;&nbsp;&nbsp;&nbsp;&nbsp;&nbsp;&nbsp;&nbsp;&nbsp;&nbsp;&nbsp;&nbsp;&nbsp;&nbsp;&nbsp;&nbsp;&nbsp;&nbsp;&nbsp;&nbsp;&nbsp;&nbsp; \u20ac&nbsp;&nbsp;&nbsp;&nbsp;&nbsp;&nbsp;&nbsp;&nbsp;&nbsp;&nbsp;&nbsp;&nbsp;&nbsp;&nbsp;&nbsp;&nbsp;&nbsp;&nbsp;&nbsp; 25,00&nbsp;&nbsp;&nbsp;&nbsp; pro Tag inkl. MwSt.<\/p>\n\n\n\n<h2 class=\"wp-block-heading\"><strong>Service<\/strong><\/h2>\n\n\n\n<p>Unser Service beinhaltet F\u00fcttern, Ausmisten und nat\u00fcrlich die t\u00e4gliche Kontrolle der Pferde. Salz steht immer zur Verf\u00fcgung, Mineralfutter wird von uns zur Verf\u00fcgung gestellt und selbst verabreicht. <\/p>\n\n\n\n<p>Um sicherzustellen, dass die Pferde nicht unter Wurmbefall leiden, werden sie mittels selektiver Entwurmung (Monitoring) \u00fcberwacht. Unser Ziel ist es: Die Hochausscheider in unserem Betrieb zu finden und gezielt zu behandeln. Dadurch reduzieren wir Resistenzen, st\u00e4rken die Gesundheit unserer Tiere durch ein starkes Immunsystem und sch\u00fctzen die Umwelt durch verminderten Einsatz von Medikamenten. Kosten f\u00fcr das Monitoring ca. \u20ac 100 im Jahr.<\/p>\n\n\n\n<p>Die Reithallennutzung ist im Pensionspreis inbegriffen.<\/p>\n\n\n\n<p>Zusatzleistungen:<br>&#8211; Verabreichen von Medikamenten<br>&#8211; Assistenz beim Tierarzt<br>&#8211; Abstellplatz Anh\u00e4nger (10 \u20ac p. Monat)<\/p>\n\n\n\n<p>Zusatzleistungen werden mit 20 \u20ac pro \u00bd Stunde berechnet.<\/p>\n","protected":false},"excerpt":{"rendered":"<p>Freilaufstall mit Gruppenhaltung In der Welt der Pferde ist fast jede T\u00e4tigkeit mit Bewegung verbunden. Pferde grasen bis zu 16 Stunden t\u00e4glich, w\u00e4hrend sie langsam vorw\u00e4rts schreiten. In den Pr\u00e4rien Nordamerikas legen Wildpferde t\u00e4glich bis zu 16 Kilometern zur\u00fcck, um von ihrem Weidegrund bis zu einer Wasserstelle zu kommen. Und auf der Flucht erreichen Pferde [&hellip;]<\/p>\n","protected":false},"author":1,"featured_media":0,"parent":0,"menu_order":0,"comment_status":"closed","ping_status":"closed","template":"","meta":{"ngg_post_thumbnail":0,"footnotes":""},"_links":{"self":[{"href":"http:\/\/www.unterealp-jenzer.de\/index.php?rest_route=\/wp\/v2\/pages\/7"}],"collection":[{"href":"http:\/\/www.unterealp-jenzer.de\/index.php?rest_route=\/wp\/v2\/pages"}],"about":[{"href":"http:\/\/www.unterealp-jenzer.de\/index.php?rest_route=\/wp\/v2\/types\/page"}],"author":[{"embeddable":true,"href":"http:\/\/www.unterealp-jenzer.de\/index.php?rest_route=\/wp\/v2\/users\/1"}],"replies":[{"embeddable":true,"href":"http:\/\/www.unterealp-jenzer.de\/index.php?rest_route=%2Fwp%2Fv2%2Fcomments&post=7"}],"version-history":[{"count":20,"href":"http:\/\/www.unterealp-jenzer.de\/index.php?rest_route=\/wp\/v2\/pages\/7\/revisions"}],"predecessor-version":[{"id":541,"href":"http:\/\/www.unterealp-jenzer.de\/index.php?rest_route=\/wp\/v2\/pages\/7\/revisions\/541"}],"wp:attachment":[{"href":"http:\/\/www.unterealp-jenzer.de\/index.php?rest_route=%2Fwp%2Fv2%2Fmedia&parent=7"}],"curies":[{"name":"wp","href":"https:\/\/api.w.org\/{rel}","templated":true}]}}