{"id":9,"date":"2016-06-13T19:37:52","date_gmt":"2016-06-13T19:37:52","guid":{"rendered":"http:\/\/unterealp-jenzer.de\/?page_id=9"},"modified":"2021-05-19T08:42:12","modified_gmt":"2021-05-19T08:42:12","slug":"kontakt-impressum","status":"publish","type":"page","link":"http:\/\/www.unterealp-jenzer.de\/?page_id=9","title":{"rendered":"Kontakt &#038; Impressum"},"content":{"rendered":"<p>Pferdehof Untere Alp GbR<\/p>\n<p>Marcel &amp; Corinne Jenzer<br \/>Zur unteren Alp 5<br \/>D-79780 St\u00fchlingen<\/p>\n<p>Tel: +49\u00a0 7744 93 37 15<\/p>\n<p>eMail: <a href=\"mailto:pferdehof@unterealp-jenzer.de\">pferdehof@unterealp-jenzer.de<\/a><br \/>URL: www.unterealp-jenzer.de<\/p>\n<p>GRENZ\u00dcBERTRITT:<br \/>Der Grenz\u00fcbertritt ist einfach und kostenlos. Ich helfe Ihnen mit Rat und Tat, Anfrage gen\u00fcgt.<\/p>\n<p>ANFAHRT:<br \/>Der Hof ist via Schaffhausen, Neuhausen, Schleitheim, St\u00fchlingen, von Z\u00fcrich in 60 Minuten, von Kloten in 40 Minuten zu erreichen.<br \/>Freiburg i.Br. liegt eine Fahrstunde entfernt.<\/p>\n<p>WEGBESCHREIBUNG:<br \/>Ab Grenz\u00fcbergang Schleitheim \/ St\u00fchlingen, nach dem Zoll\u00fcbergang links Richtung St\u00fchlingen.<br \/>Nach ca. 200m auf der Bundesstrasse B314 rechts abbiegen, Richtung St\u00fchlingen Stadtmitte auf die Panoramastrasse durch St\u00fchlingen Richtung Bonndorf (den Berg hoch) am Schloss Hohenlupfen vorbei ohne abzubiegen auf der L169 ca. 3km an der Schlossbergsiedlung vorbei zum Ziel (2ter Hof rechts).<\/p>\n<p><img loading=\"lazy\" decoding=\"async\" class=\"aligncenter wp-image-130 size-full\" src=\"http:\/\/www.unterealp-jenzer.de\/wp-content\/uploads\/2016\/06\/anfahrt.jpg\" alt=\"Anfahrt\" width=\"300\" height=\"273\" \/><\/p>\n<p>\u00a0<\/p>\n<hr \/>\n<p>Pferdehof Untere Alp GbR<br \/>Marcel &amp; Corinne Jenzer<br \/>Zur unteren Alp 5<br \/>D-79780 St\u00fchlingen<\/p>\n<p>Registergericht: Amtsgericht Waldshut<br \/>Steuernummer: 20446\/67611<\/p>\n<p>Wir weisen ausdr\u00fccklich darauf hin, dass alle Bilder und Berichte Eigentum der Pferdehof Untere Alp GbR sind und somit nicht weiterverwendet werden d\u00fcrfen. Eine Vervielf\u00e4ltigung oder Verwendung in anderen elektronischen oder gedruckten Publikationen ist ohne ausdr\u00fcckliche Zustimmung der Pferdehof Untere Alp GbR nicht gestattet.<br \/>Haftungshinweis: Trotz sorgf\u00e4ltiger inhaltlicher Kontrolle \u00fcbernehmen wir keine Haftung f\u00fcr die Inhalte externer Links. F\u00fcr den Inhalt der verlinkten Seiten sind ausschlie\u00dflich deren Betreiber verantwortlich.<\/p>\n<p>Inhaltlich Verantwortliche: Corinne und Marcel Jenzer<\/p>\n<p>\u00a9 2016 Pferdehof Untere Alp GbR &#8211; Alle Rechte vorbehalten<\/p>\n\n\n<figure class=\"wp-block-image size-large is-resized\"><img loading=\"lazy\" decoding=\"async\" src=\"http:\/\/www.unterealp-jenzer.de\/wp-content\/uploads\/2021\/05\/DSC_8934.jpg\" alt=\"\" class=\"wp-image-413\" width=\"768\" height=\"510\" srcset=\"http:\/\/www.unterealp-jenzer.de\/wp-content\/uploads\/2021\/05\/DSC_8934.jpg 1024w, http:\/\/www.unterealp-jenzer.de\/wp-content\/uploads\/2021\/05\/DSC_8934-300x199.jpg 300w, http:\/\/www.unterealp-jenzer.de\/wp-content\/uploads\/2021\/05\/DSC_8934-768x510.jpg 768w, http:\/\/www.unterealp-jenzer.de\/wp-content\/uploads\/2021\/05\/DSC_8934-624x414.jpg 624w\" sizes=\"(max-width: 768px) 100vw, 768px\" \/><\/figure>\n","protected":false},"excerpt":{"rendered":"<p>Pferdehof Untere Alp GbR Marcel &amp; Corinne JenzerZur unteren Alp 5D-79780 St\u00fchlingen Tel: +49\u00a0 7744 93 37 15 eMail: pferdehof@unterealp-jenzer.deURL: www.unterealp-jenzer.de GRENZ\u00dcBERTRITT:Der Grenz\u00fcbertritt ist einfach und kostenlos. Ich helfe Ihnen mit Rat und Tat, Anfrage gen\u00fcgt. ANFAHRT:Der Hof ist via Schaffhausen, Neuhausen, Schleitheim, St\u00fchlingen, von Z\u00fcrich in 60 Minuten, von Kloten in 40 Minuten zu [&hellip;]<\/p>\n","protected":false},"author":1,"featured_media":0,"parent":0,"menu_order":0,"comment_status":"closed","ping_status":"closed","template":"","meta":{"ngg_post_thumbnail":0,"footnotes":""},"_links":{"self":[{"href":"http:\/\/www.unterealp-jenzer.de\/index.php?rest_route=\/wp\/v2\/pages\/9"}],"collection":[{"href":"http:\/\/www.unterealp-jenzer.de\/index.php?rest_route=\/wp\/v2\/pages"}],"about":[{"href":"http:\/\/www.unterealp-jenzer.de\/index.php?rest_route=\/wp\/v2\/types\/page"}],"author":[{"embeddable":true,"href":"http:\/\/www.unterealp-jenzer.de\/index.php?rest_route=\/wp\/v2\/users\/1"}],"replies":[{"embeddable":true,"href":"http:\/\/www.unterealp-jenzer.de\/index.php?rest_route=%2Fwp%2Fv2%2Fcomments&post=9"}],"version-history":[{"count":9,"href":"http:\/\/www.unterealp-jenzer.de\/index.php?rest_route=\/wp\/v2\/pages\/9\/revisions"}],"predecessor-version":[{"id":438,"href":"http:\/\/www.unterealp-jenzer.de\/index.php?rest_route=\/wp\/v2\/pages\/9\/revisions\/438"}],"wp:attachment":[{"href":"http:\/\/www.unterealp-jenzer.de\/index.php?rest_route=%2Fwp%2Fv2%2Fmedia&parent=9"}],"curies":[{"name":"wp","href":"https:\/\/api.w.org\/{rel}","templated":true}]}}